{"id":1301,"date":"2023-05-28T16:28:12","date_gmt":"2023-05-28T16:28:12","guid":{"rendered":"https:\/\/redmet.com.pl\/?page_id=1301"},"modified":"2026-01-19T12:26:20","modified_gmt":"2026-01-19T12:26:20","slug":"producent-pelletu","status":"publish","type":"page","link":"https:\/\/redmet.com.pl\/?page_id=1301","title":{"rendered":"Producent pelletu"},"content":{"rendered":"\t\t<div data-elementor-type=\"wp-page\" data-elementor-id=\"1301\" class=\"elementor elementor-1301\" data-elementor-settings=\"{&quot;ha_cmc_init_switcher&quot;:&quot;no&quot;}\" data-elementor-post-type=\"page\">\n\t\t\t\t\t\t<section class=\"elementor-section elementor-top-section elementor-element elementor-element-4b6bf62 elementor-section-boxed elementor-section-height-default elementor-section-height-default\" data-id=\"4b6bf62\" data-element_type=\"section\" data-e-type=\"section\" data-settings=\"{&quot;_ha_eqh_enable&quot;:false}\">\n\t\t\t\t\t\t<div class=\"elementor-container elementor-column-gap-default\">\n\t\t\t\t\t<div class=\"elementor-column elementor-col-100 elementor-top-column elementor-element elementor-element-cd97477\" data-id=\"cd97477\" data-element_type=\"column\" data-e-type=\"column\">\n\t\t\t<div class=\"elementor-widget-wrap elementor-element-populated\">\n\t\t\t\t\t\t<div class=\"elementor-element elementor-element-d7f4a39 elementor-widget elementor-widget-spacer\" data-id=\"d7f4a39\" data-element_type=\"widget\" data-e-type=\"widget\" data-widget_type=\"spacer.default\">\n\t\t\t\t<div class=\"elementor-widget-container\">\n\t\t\t\t\t\t\t<div class=\"elementor-spacer\">\n\t\t\t<div class=\"elementor-spacer-inner\"><\/div>\n\t\t<\/div>\n\t\t\t\t\t\t<\/div>\n\t\t\t\t<\/div>\n\t\t\t\t\t<\/div>\n\t\t<\/div>\n\t\t\t\t\t<\/div>\n\t\t<\/section>\n\t\t\t\t<section class=\"elementor-section elementor-top-section elementor-element elementor-element-1ea9971 elementor-section-boxed elementor-section-height-default elementor-section-height-default\" data-id=\"1ea9971\" data-element_type=\"section\" data-e-type=\"section\" data-settings=\"{&quot;_ha_eqh_enable&quot;:false}\">\n\t\t\t\t\t\t<div class=\"elementor-container elementor-column-gap-default\">\n\t\t\t\t\t<div class=\"elementor-column elementor-col-50 elementor-top-column elementor-element elementor-element-c394914\" data-id=\"c394914\" data-element_type=\"column\" data-e-type=\"column\">\n\t\t\t<div class=\"elementor-widget-wrap elementor-element-populated\">\n\t\t\t\t\t\t<div class=\"elementor-element elementor-element-01d9106 elementor-absolute elementor-widget elementor-widget-elementskit-video\" data-id=\"01d9106\" data-element_type=\"widget\" data-e-type=\"widget\" data-settings=\"{&quot;_position&quot;:&quot;absolute&quot;}\" data-widget_type=\"elementskit-video.default\">\n\t\t\t\t<div class=\"elementor-widget-container\">\n\t\t\t\t\t<div class=\"ekit-wid-con\" >\t\t<div class=\"video-content\" data-video-player=\"[]\" data-video-setting=\"{&quot;videoVolume&quot;:&quot;horizontal&quot;,&quot;startVolume&quot;:0.8,&quot;videoType&quot;:&quot;iframe&quot;,&quot;videoClass&quot;:&quot;mfp-fade&quot;,&quot;popupIcon&quot;:{&quot;value&quot;:&quot;icon icon-cancel&quot;,&quot;library&quot;:&quot;ekiticons&quot;},&quot;videoStyle&quot;:&quot;popup&quot;,&quot;videoTypeName&quot;:&quot;youtube&quot;,&quot;autoplay&quot;:false,&quot;muted&quot;:false,&quot;loop&quot;:true}\">\n\t\t\t\n<a class=\"ekit_icon_button glow-ripple ekit-video-popup ekit-video-popup-btn\" href=\"https:\/\/www.youtube.com\/embed\/Kxo6t4wdI6M?playlist=Kxo6t4wdI6M&amp;mute=0&amp;autoplay=0&amp;loop=1&amp;controls=0&amp;start=0&amp;end=\" aria-label=\"video-popup\">\n\t\t\t\t<i aria-hidden=\"true\" class=\"icon icon-play\"><\/i>\t\t\n\t\t\t<\/a>\n\t\t\t\t\t<\/div>\n\t\t<\/div>\t\t\t\t<\/div>\n\t\t\t\t<\/div>\n\t\t\t\t<div class=\"elementor-element elementor-element-f900384 elementor-widget elementor-widget-image\" data-id=\"f900384\" data-element_type=\"widget\" data-e-type=\"widget\" data-widget_type=\"image.default\">\n\t\t\t\t<div class=\"elementor-widget-container\">\n\t\t\t\t\t\t\t\t\t\t\t\t\t\t\t<img decoding=\"async\" src=\"https:\/\/i.ytimg.com\/vi\/Kxo6t4wdI6M\/hqdefault.jpg?sqp=-oaymwEcCPYBEIoBSFXyq4qpAw4IARUAAIhCGAFwAcABBg==&#038;rs=AOn4CLBliSkPNS9W72vdGDOPH9PZzfzDIg\" title=\"\" alt=\"\" loading=\"lazy\" \/>\t\t\t\t\t\t\t\t\t\t\t\t\t\t\t<\/div>\n\t\t\t\t<\/div>\n\t\t\t\t<div class=\"elementor-element elementor-element-17a8bd5 elementor-widget elementor-widget-heading\" data-id=\"17a8bd5\" data-element_type=\"widget\" data-e-type=\"widget\" data-widget_type=\"heading.default\">\n\t\t\t\t<div class=\"elementor-widget-container\">\n\t\t\t\t\t<h1 class=\"elementor-heading-title elementor-size-default\">Dlaczego warto wybra\u0107 pellet drzewny Redmet?<\/h1>\t\t\t\t<\/div>\n\t\t\t\t<\/div>\n\t\t\t\t<div class=\"elementor-element elementor-element-eeee94a elementor-widget elementor-widget-text-editor\" data-id=\"eeee94a\" data-element_type=\"widget\" data-e-type=\"widget\" data-widget_type=\"text-editor.default\">\n\t\t\t\t<div class=\"elementor-widget-container\">\n\t\t\t\t\t\t\t\t\t<p><strong>Pellet Redmet<\/strong> <strong>to ekologiczne, wydajne i ekonomiczne paliwo, kt\u00f3re zapewnia stabilne spalanie oraz wysok\u0105 efektywno\u015b\u0107<\/strong> energetyczn\u0105. Dzi\u0119ki dobrym parametrom, produkt generuje minimalne odpady i gwarantuje czyst\u0105 i wygodn\u0105 eksploatacj\u0119.<\/p>\n<p>Dzi\u0119ki naturalnemu sk\u0142adowi oraz starannej kontroli jako\u015bci, pellet Redmet to <strong>doskona\u0142y wyb\u00f3r dla nowoczesnych system\u00f3w ogrzewania,<\/strong> \u0142\u0105cz\u0105cy ekologi\u0119 z oszcz\u0119dno\u015bci\u0105.<\/p>\n<p>Mo\u017cliwo\u015b\u0107 zobaczenia procesu produkcji<\/p>\n<p><strong>DARMOWA DOSTAWA<\/strong><\/p>\n<p><strong>Odbi\u00f3r osobisty:<\/strong><br>&#8211; 84-240 Reda ul. Obwodowa 111 &#8211; produkcja pelletu<\/p>\n<p>Zapraszamy Przedsi\u0119biorstwa oraz Klient\u00f3w indywidualnych.<br>Wystawiamy faktury VAT<br>Zapraszam do kontaktu<\/p>\n<p><strong>W RedMet produkujemy r\u00f3wnie\u017c brykiet drzewny<\/strong><\/p>\t\t\t\t\t\t\t\t<\/div>\n\t\t\t\t<\/div>\n\t\t\t\t\t<\/div>\n\t\t<\/div>\n\t\t\t\t<div class=\"elementor-column elementor-col-50 elementor-top-column elementor-element elementor-element-d7b0059\" data-id=\"d7b0059\" data-element_type=\"column\" data-e-type=\"column\">\n\t\t\t<div class=\"elementor-widget-wrap elementor-element-populated\">\n\t\t\t\t\t\t<div class=\"elementor-element elementor-element-02b602b elementor-widget elementor-widget-heading\" data-id=\"02b602b\" data-element_type=\"widget\" data-e-type=\"widget\" data-widget_type=\"heading.default\">\n\t\t\t\t<div class=\"elementor-widget-container\">\n\t\t\t\t\t<h1 class=\"elementor-heading-title elementor-size-default\">Producent pelletu<\/h1>\t\t\t\t<\/div>\n\t\t\t\t<\/div>\n\t\t\t\t<div class=\"elementor-element elementor-element-4cd0fe5 elementor-widget elementor-widget-text-editor\" data-id=\"4cd0fe5\" data-element_type=\"widget\" data-e-type=\"widget\" data-widget_type=\"text-editor.default\">\n\t\t\t\t<div class=\"elementor-widget-container\">\n\t\t\t\t\t\t\t\t\t<p><strong>Pellet drzewny Redmet to wysokiej jako\u015bci biopaliwo, wykonane z czystej zr\u0119bki sosnowo-bukowej, bez kory.<\/strong> Dzi\u0119ki zastosowaniu starannie wyselekcjonowanych surowc\u00f3w oraz nowoczesnej technologii produkcji, pellet ten zapewnia wysok\u0105 efektywno\u015b\u0107 grzewcz\u0105, nisk\u0105 emisj\u0119 popio\u0142u oraz czyste spalanie. Jest to idealne paliwo do nowoczesnych kot\u0142\u00f3w i piec\u00f3w na pellet, gwarantuj\u0105ce komfort i oszcz\u0119dno\u015b\u0107.<\/p><p><strong>Wysoka warto\u015b\u0107 opa\u0142owa<\/strong> (\u2265 17,69 MJ\/kg)\u2013 Oferuje wydajne i ekonomiczne ogrzewanie.<br \/><strong>Niska wilgotno\u015b\u0107<\/strong> (\u2264 4,80%)\u2013 Gwarantuje czyste spalanie oraz wysok\u0105 efektywno\u015b\u0107 energetyczn\u0105.<br \/><strong>Wytrzyma\u0142o\u015b\u0107 mechaniczna<\/strong> (\u2265 97,00%)\u2013 Zapewnia wysok\u0105 jako\u015b\u0107 granulatu i ogranicza ilo\u015b\u0107 drobnych cz\u0105stek.<br \/><strong>Naturalny sk\u0142ad<\/strong> \u2013 pellet sosnowo-bukowy\u2013 Zapewnia d\u0142ugie spalanie i wysok\u0105 kaloryczno\u015b\u0107.<br \/><strong>Pakowanie<\/strong> \u2013 du\u017ca paleta 1000 kg\u2013 Wygodne przechowywanie i transport. 50 work\u00f3w po 20 kg ka\u017cdy.<\/p>\t\t\t\t\t\t\t\t<\/div>\n\t\t\t\t<\/div>\n\t\t\t\t<div class=\"elementor-element elementor-element-eaacc2d elementor-widget elementor-widget-image\" data-id=\"eaacc2d\" data-element_type=\"widget\" data-e-type=\"widget\" data-widget_type=\"image.default\">\n\t\t\t\t<div class=\"elementor-widget-container\">\n\t\t\t\t\t\t\t\t\t\t\t\t\t\t\t<img fetchpriority=\"high\" decoding=\"async\" width=\"837\" height=\"1020\" src=\"https:\/\/redmet.com.pl\/wp-content\/uploads\/2025\/03\/worek_pellet.png\" class=\"attachment-large size-large wp-image-2450\" alt=\"\" srcset=\"https:\/\/redmet.com.pl\/wp-content\/uploads\/2025\/03\/worek_pellet.png 837w, https:\/\/redmet.com.pl\/wp-content\/uploads\/2025\/03\/worek_pellet-246x300.png 246w, https:\/\/redmet.com.pl\/wp-content\/uploads\/2025\/03\/worek_pellet-768x936.png 768w\" sizes=\"(max-width: 837px) 100vw, 837px\" \/>\t\t\t\t\t\t\t\t\t\t\t\t\t\t\t<\/div>\n\t\t\t\t<\/div>\n\t\t\t\t\t<\/div>\n\t\t<\/div>\n\t\t\t\t\t<\/div>\n\t\t<\/section>\n\t\t\t\t<section class=\"elementor-section elementor-top-section elementor-element elementor-element-b849e07 elementor-section-boxed elementor-section-height-default elementor-section-height-default\" data-id=\"b849e07\" data-element_type=\"section\" data-e-type=\"section\" data-settings=\"{&quot;_ha_eqh_enable&quot;:false}\">\n\t\t\t\t\t\t<div class=\"elementor-container elementor-column-gap-default\">\n\t\t\t\t\t<div class=\"elementor-column elementor-col-50 elementor-top-column elementor-element elementor-element-9aeb42a\" data-id=\"9aeb42a\" data-element_type=\"column\" data-e-type=\"column\">\n\t\t\t<div class=\"elementor-widget-wrap elementor-element-populated\">\n\t\t\t\t\t\t<div class=\"elementor-element elementor-element-d2aa6dd elementor-widget elementor-widget-heading\" data-id=\"d2aa6dd\" data-element_type=\"widget\" data-e-type=\"widget\" data-widget_type=\"heading.default\">\n\t\t\t\t<div class=\"elementor-widget-container\">\n\t\t\t\t\t<h1 class=\"elementor-heading-title elementor-size-default\">Jak wygl\u0105da proces produkcji ?<\/h1>\t\t\t\t<\/div>\n\t\t\t\t<\/div>\n\t\t\t\t<div class=\"elementor-element elementor-element-c5a4c60 elementor-widget elementor-widget-text-editor\" data-id=\"c5a4c60\" data-element_type=\"widget\" data-e-type=\"widget\" data-widget_type=\"text-editor.default\">\n\t\t\t\t<div class=\"elementor-widget-container\">\n\t\t\t\t\t\t\t\t\t<div class=\"flex max-w-full flex-col flex-grow\"><div class=\"min-h-8 text-message flex w-full flex-col items-end gap-2 whitespace-normal break-words [.text-message+&amp;]:mt-5\" dir=\"auto\" data-message-author-role=\"assistant\" data-message-id=\"d4299ee2-36ec-4d31-92e1-98bed087bab2\"><div class=\"flex w-full flex-col gap-1 empty:hidden first:pt-[3px]\"><div class=\"markdown prose w-full break-words dark:prose-invert light\"><ol><li><p><strong>Zbieranie surowca<\/strong>: Surowcem do produkcji pelletu s\u0105 wi\u00f3ry, trociny lub zr\u0119bki z drewna sosnowego. Surowce te mog\u0105 pochodzi\u0107 z tartak\u00f3w, zak\u0142ad\u00f3w przetw\u00f3rstwa drewna lub innych \u017ar\u00f3de\u0142.<\/p><\/li><li><p><strong>Suszenie<\/strong>: Drewno musi mie\u0107 odpowiedni\u0105 wilgotno\u015b\u0107, zazwyczaj oko\u0142o 10-15%. Zbyt wilgotne surowce s\u0105 suszone w piecach lub suszarniach, co zapewnia optymalne warunki do dalszego przetwarzania.<\/p><\/li><li><p><strong>Mielenie<\/strong>: Osuszone drewno jest mielone na drobniejsze frakcje. Proces ten zwi\u0119ksza powierzchni\u0119 surowca, co jest istotne dla dalszego prasowania.<\/p><\/li><li><p><strong>Picing<\/strong>: Zmielone drewno jest mieszane, a w razie potrzeby mo\u017cna doda\u0107 dodatki, takie jak skrobia, kt\u00f3re poprawiaj\u0105 sp\u00f3jno\u015b\u0107 pellet\u00f3w.<\/p><\/li><li><p><strong>Ekstruzja<\/strong>: Mieszanka jest poddawana prasowaniu w specjalnych prasach, gdzie pod wp\u0142ywem wysokiego ci\u015bnienia i temperatury (oko\u0142o 80-100\u00b0C) lignina zawarta w drewnie topnieje, co pozwala na zwi\u0105zanie cz\u0105steczek drewna.<\/p><\/li><li><p><strong>Ch\u0142odzenie<\/strong>: Po wyprodukowaniu pelletu s\u0105 one gor\u0105ce i musz\u0105 zosta\u0107 sch\u0142odzone. Proces ten zapobiega ich zniszczeniu oraz u\u0142atwia pakowanie.<\/p><\/li><li><p><strong>Pakowanie<\/strong>: Sch\u0142odzone pellety s\u0105 pakowane w worki lub luzem, gotowe do transportu i sprzeda\u017cy.<\/p><\/li><li><p><strong>Kontrola jako\u015bci<\/strong>: W trakcie ca\u0142ego procesu, szczeg\u00f3lnie po wyprodukowaniu pelletu, przeprowadzane s\u0105 kontrole jako\u015bci, aby upewni\u0107 si\u0119, \u017ce produkt spe\u0142nia odpowiednie normy.<\/p><\/li><\/ol><p>Produkcja pelletu sosnowego jest efektywnym sposobem na wykorzystanie surowc\u00f3w drzewnych i jest przyjazna dla \u015brodowiska, poniewa\u017c stanowi odnawialne \u017ar\u00f3d\u0142o energii.<\/p><\/div><\/div><\/div><\/div>\t\t\t\t\t\t\t\t<\/div>\n\t\t\t\t<\/div>\n\t\t\t\t\t<\/div>\n\t\t<\/div>\n\t\t\t\t<div class=\"elementor-column elementor-col-50 elementor-top-column elementor-element elementor-element-7aa9e21\" data-id=\"7aa9e21\" data-element_type=\"column\" data-e-type=\"column\">\n\t\t\t<div class=\"elementor-widget-wrap elementor-element-populated\">\n\t\t\t\t\t\t<div class=\"elementor-element elementor-element-9555e1d elementor-widget elementor-widget-image\" data-id=\"9555e1d\" data-element_type=\"widget\" data-e-type=\"widget\" data-widget_type=\"image.default\">\n\t\t\t\t<div class=\"elementor-widget-container\">\n\t\t\t\t\t\t\t\t\t\t\t\t\t\t\t<img decoding=\"async\" width=\"766\" height=\"1024\" src=\"https:\/\/redmet.com.pl\/wp-content\/uploads\/2024\/09\/20240906_132814-min-766x1024.jpg\" class=\"attachment-large size-large wp-image-2270\" alt=\"\" srcset=\"https:\/\/redmet.com.pl\/wp-content\/uploads\/2024\/09\/20240906_132814-min-766x1024.jpg 766w, https:\/\/redmet.com.pl\/wp-content\/uploads\/2024\/09\/20240906_132814-min-224x300.jpg 224w, https:\/\/redmet.com.pl\/wp-content\/uploads\/2024\/09\/20240906_132814-min-768x1027.jpg 768w, https:\/\/redmet.com.pl\/wp-content\/uploads\/2024\/09\/20240906_132814-min-1149x1536.jpg 1149w, https:\/\/redmet.com.pl\/wp-content\/uploads\/2024\/09\/20240906_132814-min-1532x2048.jpg 1532w, https:\/\/redmet.com.pl\/wp-content\/uploads\/2024\/09\/20240906_132814-min-1200x1604.jpg 1200w, https:\/\/redmet.com.pl\/wp-content\/uploads\/2024\/09\/20240906_132814-min-scaled.jpg 1915w\" sizes=\"(max-width: 766px) 100vw, 766px\" \/>\t\t\t\t\t\t\t\t\t\t\t\t\t\t\t<\/div>\n\t\t\t\t<\/div>\n\t\t\t\t<div class=\"elementor-element elementor-element-652f10e elementor-widget elementor-widget-image\" data-id=\"652f10e\" data-element_type=\"widget\" data-e-type=\"widget\" data-widget_type=\"image.default\">\n\t\t\t\t<div class=\"elementor-widget-container\">\n\t\t\t\t\t\t\t\t\t\t\t\t\t\t\t<img decoding=\"async\" width=\"873\" height=\"804\" src=\"https:\/\/redmet.com.pl\/wp-content\/uploads\/2025\/03\/Zdjecie-WhatsApp-2025-03-11-o-13.50.26_2b86ca43-kopia.webp\" class=\"attachment-large size-large wp-image-2461\" alt=\"\" srcset=\"https:\/\/redmet.com.pl\/wp-content\/uploads\/2025\/03\/Zdjecie-WhatsApp-2025-03-11-o-13.50.26_2b86ca43-kopia.webp 873w, https:\/\/redmet.com.pl\/wp-content\/uploads\/2025\/03\/Zdjecie-WhatsApp-2025-03-11-o-13.50.26_2b86ca43-kopia-300x276.webp 300w, https:\/\/redmet.com.pl\/wp-content\/uploads\/2025\/03\/Zdjecie-WhatsApp-2025-03-11-o-13.50.26_2b86ca43-kopia-768x707.webp 768w\" sizes=\"(max-width: 873px) 100vw, 873px\" \/>\t\t\t\t\t\t\t\t\t\t\t\t\t\t\t<\/div>\n\t\t\t\t<\/div>\n\t\t\t\t\t<\/div>\n\t\t<\/div>\n\t\t\t\t\t<\/div>\n\t\t<\/section>\n\t\t\t\t<section class=\"elementor-section elementor-top-section elementor-element elementor-element-773317e elementor-section-boxed elementor-section-height-default elementor-section-height-default\" data-id=\"773317e\" data-element_type=\"section\" data-e-type=\"section\" data-settings=\"{&quot;_ha_eqh_enable&quot;:false}\">\n\t\t\t\t\t\t<div class=\"elementor-container elementor-column-gap-default\">\n\t\t\t\t\t<div class=\"elementor-column elementor-col-100 elementor-top-column elementor-element elementor-element-4980e76\" data-id=\"4980e76\" data-element_type=\"column\" data-e-type=\"column\">\n\t\t\t<div class=\"elementor-widget-wrap elementor-element-populated\">\n\t\t\t\t\t\t<div class=\"elementor-element elementor-element-680dde0 elementor-widget elementor-widget-spacer\" data-id=\"680dde0\" data-element_type=\"widget\" data-e-type=\"widget\" data-widget_type=\"spacer.default\">\n\t\t\t\t<div class=\"elementor-widget-container\">\n\t\t\t\t\t\t\t<div class=\"elementor-spacer\">\n\t\t\t<div class=\"elementor-spacer-inner\"><\/div>\n\t\t<\/div>\n\t\t\t\t\t\t<\/div>\n\t\t\t\t<\/div>\n\t\t\t\t\t<\/div>\n\t\t<\/div>\n\t\t\t\t\t<\/div>\n\t\t<\/section>\n\t\t\t\t<\/div>\n\t\t","protected":false},"excerpt":{"rendered":"<p>Dlaczego warto wybra\u0107 pellet drzewny Redmet? Pellet Redmet to ekologiczne, wydajne i ekonomiczne paliwo, kt\u00f3re zapewnia stabilne spalanie oraz wysok\u0105 efektywno\u015b\u0107 energetyczn\u0105. Dzi\u0119ki dobrym parametrom, produkt generuje minimalne odpady i gwarantuje czyst\u0105 i wygodn\u0105 eksploatacj\u0119. Dzi\u0119ki naturalnemu sk\u0142adowi oraz starannej kontroli jako\u015bci, pellet Redmet to doskona\u0142y wyb\u00f3r dla nowoczesnych system\u00f3w ogrzewania, \u0142\u0105cz\u0105cy ekologi\u0119 z oszcz\u0119dno\u015bci\u0105. [&hellip;]<\/p>\n","protected":false},"author":1,"featured_media":0,"parent":0,"menu_order":0,"comment_status":"closed","ping_status":"closed","template":"","meta":{"_acf_changed":false,"footnotes":""},"class_list":["post-1301","page","type-page","status-publish","hentry"],"acf":[],"_links":{"self":[{"href":"https:\/\/redmet.com.pl\/index.php?rest_route=\/wp\/v2\/pages\/1301","targetHints":{"allow":["GET"]}}],"collection":[{"href":"https:\/\/redmet.com.pl\/index.php?rest_route=\/wp\/v2\/pages"}],"about":[{"href":"https:\/\/redmet.com.pl\/index.php?rest_route=\/wp\/v2\/types\/page"}],"author":[{"embeddable":true,"href":"https:\/\/redmet.com.pl\/index.php?rest_route=\/wp\/v2\/users\/1"}],"replies":[{"embeddable":true,"href":"https:\/\/redmet.com.pl\/index.php?rest_route=%2Fwp%2Fv2%2Fcomments&post=1301"}],"version-history":[{"count":21,"href":"https:\/\/redmet.com.pl\/index.php?rest_route=\/wp\/v2\/pages\/1301\/revisions"}],"predecessor-version":[{"id":2565,"href":"https:\/\/redmet.com.pl\/index.php?rest_route=\/wp\/v2\/pages\/1301\/revisions\/2565"}],"wp:attachment":[{"href":"https:\/\/redmet.com.pl\/index.php?rest_route=%2Fwp%2Fv2%2Fmedia&parent=1301"}],"curies":[{"name":"wp","href":"https:\/\/api.w.org\/{rel}","templated":true}]}}